{"id":274,"date":"2023-04-06T18:51:36","date_gmt":"2023-04-06T17:51:36","guid":{"rendered":"https:\/\/esthercomin.com\/?page_id=274"},"modified":"2024-11-25T17:56:14","modified_gmt":"2024-11-25T16:56:14","slug":"noticias","status":"publish","type":"page","link":"https:\/\/esthercomin.com\/index.php\/noticias\/","title":{"rendered":"Noticias"},"content":{"rendered":"\n<div class=\"wp-block-group\"><div class=\"wp-block-group__inner-container is-layout-constrained wp-block-group-is-layout-constrained\">\n<div class=\"wp-block-media-text has-media-on-the-right is-stacked-on-mobile is-vertically-aligned-center\" style=\"grid-template-columns:auto 24%\"><div class=\"wp-block-media-text__content\">\n<p class=\"has-text-color has-link-color has-medium-font-size wp-elements-ba86001f2e41a8697051ca4b8a659905\" style=\"color:#d4a373\"><strong>Publicaci\u00f3n de La Tribu, novela-homenaje para mis alumnos <\/strong><\/p>\n\n\n\n<p class=\"has-black-color has-text-color has-link-color wp-elements-a5b9402ec82833ac68d13db85e0a9f44\">Hace algo m\u00e1s de 1 a\u00f1o, unas alumnas del grado de turismo me dijeron: \u00ab\u00bfPor qu\u00e9 no escribes sobre nosotras?\u00bb Ay, madre m\u00eda\u2026 \u00bfjuntar mis dos vidas? Pero lo hice.<br>Esta es una novela para los que saben que empezar es dif\u00edcil, pero tambi\u00e9n incre\u00edble. Porque esto es lo que te llevas a casa si trabajas en hoteles: amigos que son familia.<br>Bienvenidos a <a href=\"https:\/\/www.linkedin.com\/feed\/hashtag\/?keywords=latribu&amp;highlightedUpdateUrns=urn%3Ali%3Aactivity%3A7188557698873901057\">#LaTribu<\/a>, me encantar\u00e1 ser vuestra anfitriona en esta novela. Amazon: La Tribu: novela juvenil young adult \ud83d\ude01<br>Ya est\u00e1s tardando.<\/p>\n\n\n\n<div class=\"wp-block-buttons is-layout-flex wp-block-buttons-is-layout-flex\">\n<div class=\"wp-block-button\"><a class=\"wp-block-button__link wp-element-button\" href=\"https:\/\/www.amazon.es\/Tribu-Novela-Juvenil-Young-Adult\/dp\/8409607433\">Ver en Amazon<\/a><\/div>\n<\/div>\n<\/div><figure class=\"wp-block-media-text__media\"><img loading=\"lazy\" decoding=\"async\" width=\"225\" height=\"300\" src=\"https:\/\/esthercomin.com\/wp-content\/uploads\/2024\/06\/IMG_5213-225x300.jpg\" alt=\"La Tribu novela juvenil young adult\" class=\"wp-image-409 size-full\" srcset=\"https:\/\/esthercomin.com\/wp-content\/uploads\/2024\/06\/IMG_5213-225x300.jpg 225w, https:\/\/esthercomin.com\/wp-content\/uploads\/2024\/06\/IMG_5213-768x1024.jpg 768w, https:\/\/esthercomin.com\/wp-content\/uploads\/2024\/06\/IMG_5213-600x800.jpg 600w, https:\/\/esthercomin.com\/wp-content\/uploads\/2024\/06\/IMG_5213.jpg 960w\" sizes=\"auto, (max-width: 225px) 100vw, 225px\" \/><\/figure><\/div>\n<\/div><\/div>\n\n\n\n<p><\/p>\n\n\n\n<div class=\"wp-block-buttons is-content-justification-center is-layout-flex wp-container-core-buttons-is-layout-16018d1d wp-block-buttons-is-layout-flex\"><\/div>\n\n\n\n<div class=\"wp-block-media-text alignwide is-stacked-on-mobile\" style=\"grid-template-columns:30% auto\"><figure class=\"wp-block-media-text__media\"><video controls src=\"https:\/\/esthercomin.com\/wp-content\/uploads\/2023\/06\/Video-Llorenc.mp4\"><\/video><\/figure><div class=\"wp-block-media-text__content\">\n<p class=\"has-text-color has-link-color has-medium-font-size wp-elements-468e1398c602fb0df9a6bf6a6e7f8e80\" style=\"color:#d4a373\"><strong>Presentaci\u00f3n y firma de libros en Lloren\u00e7 del Pened\u00e8s<\/strong><\/p>\n\n\n\n<p class=\"has-black-color has-text-color has-link-color wp-elements-ca138a5402c8c8a89370e1890daeec8f\">\u00a1Gracias a la Biblioteca Municipal Mestra Maria Rafecas por la oportunidad! Fue un lujo conocer a lectores y amantes de las letras, y poder hablar de libros y proyectos. <\/p>\n\n\n\n<div class=\"wp-block-buttons is-layout-flex wp-block-buttons-is-layout-flex\">\n<div class=\"wp-block-button\"><a class=\"wp-block-button__link wp-element-button\" href=\"https:\/\/esthercomin.com\/index.php\/tienda\/\">Comprar Guardiana<\/a><\/div>\n<\/div>\n<\/div><\/div>\n\n\n\n<div class=\"wp-block-media-text alignwide has-media-on-the-right is-stacked-on-mobile\" style=\"grid-template-columns:auto 43%\"><div class=\"wp-block-media-text__content\">\n<p class=\"has-text-color has-link-color has-medium-font-size wp-elements-56b47b0c80b76682bd78c6bc4dfd452c\" style=\"color:#d4a373\"><strong>Entrevista en El Escritor<\/strong><\/p>\n\n\n\n<p class=\"has-black-color has-text-color has-link-color wp-elements-ee190106887b11d2c639716f21d74196\">Una entrevista en profundidad con El Escritor, en la que hablamos del libro, del proceso de escritura y de los retos de publicar, todo un honor.<\/p>\n\n\n\n<div class=\"wp-block-buttons is-layout-flex wp-block-buttons-is-layout-flex\">\n<div class=\"wp-block-button\"><a class=\"wp-block-button__link wp-element-button\" href=\"https:\/\/elescritor.es\/entrevista\/entrevistamos-a-la-escritora-esther-comin-celades-por-la-publicacion-de-su-primera-novela-la-guardiana-del-crom\/\" target=\"_blank\" rel=\"noreferrer noopener\">Saber m\u00e1s<\/a><\/div>\n<\/div>\n<\/div><figure class=\"wp-block-media-text__media\"><a href=\"https:\/\/elescritor.es\/entrevista\/entrevistamos-a-la-escritora-esther-comin-celades-por-la-publicacion-de-su-primera-novela-la-guardiana-del-crom\/\"><img loading=\"lazy\" decoding=\"async\" width=\"1024\" height=\"576\" src=\"https:\/\/esthercomin.com\/wp-content\/uploads\/2023\/04\/ECC_libro-1024x576.png\" alt=\"\" class=\"wp-image-287 size-full\" srcset=\"https:\/\/esthercomin.com\/wp-content\/uploads\/2023\/04\/ECC_libro-1024x576.png 1024w, https:\/\/esthercomin.com\/wp-content\/uploads\/2023\/04\/ECC_libro-600x338.png 600w, https:\/\/esthercomin.com\/wp-content\/uploads\/2023\/04\/ECC_libro-300x169.png 300w, https:\/\/esthercomin.com\/wp-content\/uploads\/2023\/04\/ECC_libro-768x432.png 768w, https:\/\/esthercomin.com\/wp-content\/uploads\/2023\/04\/ECC_libro-1536x864.png 1536w, https:\/\/esthercomin.com\/wp-content\/uploads\/2023\/04\/ECC_libro-850x478.png 850w, https:\/\/esthercomin.com\/wp-content\/uploads\/2023\/04\/ECC_libro-1320x743.png 1320w, https:\/\/esthercomin.com\/wp-content\/uploads\/2023\/04\/ECC_libro.png 1920w\" sizes=\"auto, (max-width: 1024px) 100vw, 1024px\" \/><\/a><\/figure><\/div>\n\n\n\n<div class=\"wp-block-media-text alignwide is-stacked-on-mobile\" style=\"grid-template-columns:43% auto\"><figure class=\"wp-block-media-text__media\"><a href=\"https:\/\/editorialcirculorojo.com\/actualidad\/esther-comin-celades-presenta-su-nueva-obra-literaria-la-guardiana-del-crom-una-novela-que-combina-la-fantasia-y-la-magia-con-elementos-de-crecimiento-personal\/\"><img loading=\"lazy\" decoding=\"async\" width=\"835\" height=\"535\" src=\"https:\/\/esthercomin.com\/wp-content\/uploads\/2023\/04\/CR-presenta-Guardiana.png\" alt=\"\" class=\"wp-image-286 size-full\" srcset=\"https:\/\/esthercomin.com\/wp-content\/uploads\/2023\/04\/CR-presenta-Guardiana.png 835w, https:\/\/esthercomin.com\/wp-content\/uploads\/2023\/04\/CR-presenta-Guardiana-600x384.png 600w, https:\/\/esthercomin.com\/wp-content\/uploads\/2023\/04\/CR-presenta-Guardiana-300x192.png 300w, https:\/\/esthercomin.com\/wp-content\/uploads\/2023\/04\/CR-presenta-Guardiana-768x492.png 768w\" sizes=\"auto, (max-width: 835px) 100vw, 835px\" \/><\/a><\/figure><div class=\"wp-block-media-text__content\">\n<p class=\"has-text-color has-link-color has-medium-font-size wp-elements-4e65c8354f3ea04b9f4260bc7815660f\" style=\"color:#d4a373\"><strong>Editorial C\u00edrculo Rojo presenta&#8230;<\/strong><\/p>\n\n\n\n<p class=\"has-black-color has-text-color has-link-color wp-elements-4633a18fdd8cd1d49da8c9f4ce671628\">La editorial saca su propia noticia de publicaci\u00f3n, La Guardiana empieza a sonar online&#8230;<\/p>\n\n\n\n<div class=\"wp-block-buttons is-layout-flex wp-block-buttons-is-layout-flex\">\n<div class=\"wp-block-button\"><a class=\"wp-block-button__link wp-element-button\" href=\"https:\/\/editorialcirculorojo.com\/actualidad\/esther-comin-celades-presenta-su-nueva-obra-literaria-la-guardiana-del-crom-una-novela-que-combina-la-fantasia-y-la-magia-con-elementos-de-crecimiento-personal\/\" target=\"_blank\" rel=\"noreferrer noopener\">Saber m\u00e1s<\/a><\/div>\n<\/div>\n<\/div><\/div>\n\n\n\n<div class=\"wp-block-media-text alignwide has-media-on-the-right is-stacked-on-mobile\" style=\"grid-template-columns:auto 29%\"><div class=\"wp-block-media-text__content\">\n<p class=\"has-text-color has-link-color has-medium-font-size wp-elements-68c6ec4199e10178365afd2386553c22\" style=\"color:#d4a373\"><strong>Presentaci\u00f3n del libro definida&#8230;?<\/strong><\/p>\n\n\n\n<p class=\"has-black-color has-text-color has-link-color wp-elements-a5972dcdd4329ccb3bc107f6bb223274\">Evidentemente&#8230; no pudo ser. La llegada del bicho se encarg\u00f3 de cancelar el evento, con todo el dolor de mi coraz\u00f3n. Por suerte, tuvo buena acogida y las ventas no han parado.<\/p>\n\n\n\n<p class=\"has-black-color has-text-color has-link-color wp-elements-e72d325f6aa8ef3e2b83ff4a51b325f9\"><em>Marzo, 2020<\/em><\/p>\n<\/div><figure class=\"wp-block-media-text__media\"><img loading=\"lazy\" decoding=\"async\" width=\"724\" height=\"1024\" src=\"https:\/\/esthercomin.com\/wp-content\/uploads\/2023\/04\/Presentacion-libro-20marzo2020-724x1024.jpg\" alt=\"\" class=\"wp-image-277 size-full\" srcset=\"https:\/\/esthercomin.com\/wp-content\/uploads\/2023\/04\/Presentacion-libro-20marzo2020-724x1024.jpg 724w, https:\/\/esthercomin.com\/wp-content\/uploads\/2023\/04\/Presentacion-libro-20marzo2020-scaled-600x849.jpg 600w, https:\/\/esthercomin.com\/wp-content\/uploads\/2023\/04\/Presentacion-libro-20marzo2020-212x300.jpg 212w, https:\/\/esthercomin.com\/wp-content\/uploads\/2023\/04\/Presentacion-libro-20marzo2020-768x1086.jpg 768w, https:\/\/esthercomin.com\/wp-content\/uploads\/2023\/04\/Presentacion-libro-20marzo2020-1086x1536.jpg 1086w, https:\/\/esthercomin.com\/wp-content\/uploads\/2023\/04\/Presentacion-libro-20marzo2020-1448x2048.jpg 1448w, https:\/\/esthercomin.com\/wp-content\/uploads\/2023\/04\/Presentacion-libro-20marzo2020-850x1202.jpg 850w, https:\/\/esthercomin.com\/wp-content\/uploads\/2023\/04\/Presentacion-libro-20marzo2020-1320x1867.jpg 1320w, https:\/\/esthercomin.com\/wp-content\/uploads\/2023\/04\/Presentacion-libro-20marzo2020-scaled.jpg 1810w\" sizes=\"auto, (max-width: 724px) 100vw, 724px\" \/><\/figure><\/div>\n\n\n\n<div class=\"wp-block-media-text alignwide is-stacked-on-mobile\" style=\"grid-template-columns:33% auto\"><figure class=\"wp-block-media-text__media\"><img loading=\"lazy\" decoding=\"async\" width=\"1024\" height=\"768\" src=\"https:\/\/esthercomin.com\/wp-content\/uploads\/2023\/04\/Vanguardia_8dic2019-1024x768.jpg\" alt=\"\" class=\"wp-image-276 size-full\" srcset=\"https:\/\/esthercomin.com\/wp-content\/uploads\/2023\/04\/Vanguardia_8dic2019-1024x768.jpg 1024w, https:\/\/esthercomin.com\/wp-content\/uploads\/2023\/04\/Vanguardia_8dic2019-600x450.jpg 600w, https:\/\/esthercomin.com\/wp-content\/uploads\/2023\/04\/Vanguardia_8dic2019-300x225.jpg 300w, https:\/\/esthercomin.com\/wp-content\/uploads\/2023\/04\/Vanguardia_8dic2019-768x576.jpg 768w, https:\/\/esthercomin.com\/wp-content\/uploads\/2023\/04\/Vanguardia_8dic2019-1536x1152.jpg 1536w, https:\/\/esthercomin.com\/wp-content\/uploads\/2023\/04\/Vanguardia_8dic2019-2048x1536.jpg 2048w, https:\/\/esthercomin.com\/wp-content\/uploads\/2023\/04\/Vanguardia_8dic2019-850x638.jpg 850w, https:\/\/esthercomin.com\/wp-content\/uploads\/2023\/04\/Vanguardia_8dic2019-1320x990.jpg 1320w\" sizes=\"auto, (max-width: 1024px) 100vw, 1024px\" \/><\/figure><div class=\"wp-block-media-text__content\">\n<p><strong>Publicaci\u00f3n de <em>Liderazgo con alma<\/em><\/strong><\/p>\n\n\n\n<p>Primera rese\u00f1a que se hace eco de la salida del libro. Dec\u00eda alguien muy querido que \u00absi no lo dice La Vanguardia, es que no ha pasado\u00bb. Pues, eso. <\/p>\n\n\n\n<p><em>Diciembre, 2019<\/em><\/p>\n<\/div><\/div>\n","protected":false},"excerpt":{"rendered":"<p>Publicaci\u00f3n de La Tribu, novela-homenaje para mis alumnos Hace algo m\u00e1s de 1 a\u00f1o, unas alumnas del grado de turismo me dijeron: \u00ab\u00bfPor qu\u00e9 no escribes sobre nosotras?\u00bb Ay, madre m\u00eda\u2026 \u00bfjuntar mis dos vidas? Pero lo hice.Esta es una novela para los que saben que empezar es dif\u00edcil, pero tambi\u00e9n incre\u00edble. Porque esto es lo que te llevas a casa si trabajas en hoteles: amigos que son familia.Bienvenidos a&hellip;<\/p>\n","protected":false},"author":1,"featured_media":0,"parent":0,"menu_order":0,"comment_status":"closed","ping_status":"closed","template":"","meta":{"footnotes":""},"class_list":["post-274","page","type-page","status-publish","hentry"],"blog_post_layout_featured_media_urls":{"thumbnail":"","full":""},"categories_names":null,"comments_number":"0","jetpack_sharing_enabled":true,"_links":{"self":[{"href":"https:\/\/esthercomin.com\/index.php\/wp-json\/wp\/v2\/pages\/274","targetHints":{"allow":["GET"]}}],"collection":[{"href":"https:\/\/esthercomin.com\/index.php\/wp-json\/wp\/v2\/pages"}],"about":[{"href":"https:\/\/esthercomin.com\/index.php\/wp-json\/wp\/v2\/types\/page"}],"author":[{"embeddable":true,"href":"https:\/\/esthercomin.com\/index.php\/wp-json\/wp\/v2\/users\/1"}],"replies":[{"embeddable":true,"href":"https:\/\/esthercomin.com\/index.php\/wp-json\/wp\/v2\/comments?post=274"}],"version-history":[{"count":12,"href":"https:\/\/esthercomin.com\/index.php\/wp-json\/wp\/v2\/pages\/274\/revisions"}],"predecessor-version":[{"id":602,"href":"https:\/\/esthercomin.com\/index.php\/wp-json\/wp\/v2\/pages\/274\/revisions\/602"}],"wp:attachment":[{"href":"https:\/\/esthercomin.com\/index.php\/wp-json\/wp\/v2\/media?parent=274"}],"curies":[{"name":"wp","href":"https:\/\/api.w.org\/{rel}","templated":true}]}}