{"id":65,"date":"2023-03-19T18:31:43","date_gmt":"2023-03-19T17:31:43","guid":{"rendered":"https:\/\/esthercomin.com\/index.php\/pagina-de-inicio\/"},"modified":"2024-12-10T12:17:36","modified_gmt":"2024-12-10T11:17:36","slug":"pagina-de-inicio","status":"publish","type":"page","link":"https:\/\/esthercomin.com\/","title":{"rendered":"Cr\u00f3nicas de un despertar"},"content":{"rendered":"\n<div class=\"wp-block-columns is-layout-flex wp-container-core-columns-is-layout-9d6595d7 wp-block-columns-is-layout-flex\">\n<div class=\"wp-block-column is-layout-flow wp-block-column-is-layout-flow\" style=\"flex-basis:100%\">\n<div class=\"wp-block-group\"><div class=\"wp-block-group__inner-container is-layout-constrained wp-block-group-is-layout-constrained\">\n<div class=\"wp-block-columns is-layout-flex wp-container-core-columns-is-layout-9d6595d7 wp-block-columns-is-layout-flex\">\n<div class=\"wp-block-column is-layout-flow wp-block-column-is-layout-flow\">\n<div class=\"wp-block-media-text alignwide is-stacked-on-mobile is-vertically-aligned-center\" style=\"grid-template-columns:24% auto\"><figure class=\"wp-block-media-text__media\"><img loading=\"lazy\" decoding=\"async\" width=\"768\" height=\"1024\" src=\"https:\/\/esthercomin.com\/wp-content\/uploads\/2024\/12\/IMG_5314-768x1024.jpg\" alt=\"esther comin libros y blog\" class=\"wp-image-683 size-full\" srcset=\"https:\/\/esthercomin.com\/wp-content\/uploads\/2024\/12\/IMG_5314-768x1024.jpg 768w, https:\/\/esthercomin.com\/wp-content\/uploads\/2024\/12\/IMG_5314-225x300.jpg 225w, https:\/\/esthercomin.com\/wp-content\/uploads\/2024\/12\/IMG_5314-600x800.jpg 600w, https:\/\/esthercomin.com\/wp-content\/uploads\/2024\/12\/IMG_5314.jpg 960w\" sizes=\"auto, (max-width: 768px) 100vw, 768px\" \/><\/figure><div class=\"wp-block-media-text__content\">\n<hr class=\"wp-block-separator has-alpha-channel-opacity\"\/>\n\n\n\n<p class=\"has-black-color has-text-color has-link-color wp-elements-24a66919a6d1c509b83a69c1e7d416d6\" style=\"font-size:13px\">Soy <strong>Esther Comin<\/strong>, autora y creadora de relatos que exploran los caminos del crecimiento personal a trav\u00e9s de la literatura. En este espacio comparto mis libros, art\u00edculos y cursos. Es mi caj\u00f3n de sastre particular y lo lleno con las cosas que me interesan.<\/p>\n\n\n\n<p class=\"has-black-color has-text-color has-link-color wp-elements-827e5163d70392cced6c32b83ddedcbd\" style=\"font-size:13px\">     A estas alturas de mi vida, escribo libros todo el rato. Historias como <strong><em>La Guardiana del Crom<\/em><\/strong> (2022), que me encantar\u00eda ver plasmada en la gran pantalla, pues as\u00ed es como vive en mi mente, en fotogramas que danzan y con una banda sonora espectacular.<\/p>\n\n\n\n<p class=\"has-black-color has-text-color has-link-color wp-elements-c408e1be6b79c16d4069ae9193f36afc\" style=\"font-size:13px\">Tambi\u00e9n trabajo, no te creas. Mientras llega el momento, me apasiono con proyectos que me tocan el coraz\u00f3n, como los <strong>cursos de Reiki o sobre aprender a meditar<\/strong>. As\u00ed que eso es lo que vas a encontrar aqu\u00ed: el relato de un viaje hacia el prop\u00f3sito, la conciencia, el cambio de vida y la transformaci\u00f3n.<\/p>\n\n\n\n<p class=\"has-black-color has-text-color has-link-color wp-elements-00bc170b2533f5bfea83a6721f19811e\" style=\"font-size:13px\">     Te invito a acompa\u00f1arme, a compartir un trozo del camino. D\u00e9jate inspirar por historias que nacen para que toques la mayor de las maravillas: SER T\u00da, SOLO T\u00da.<\/p>\n\n\n\n<p class=\"has-black-color has-text-color has-link-color wp-elements-de64f5f8dbecddbea4415fff86e60105\" style=\"font-size:20px\"><strong>    Explora, lee, aprende y despierta.<\/strong><\/p>\n<\/div><\/div>\n<\/div>\n<\/div>\n<\/div><\/div>\n<\/div>\n<\/div>\n\n\n\n<p><\/p>\n\n\n\n<div class=\"wp-block-columns is-layout-flex wp-container-core-columns-is-layout-9d6595d7 wp-block-columns-is-layout-flex\">\n<div class=\"wp-block-column is-layout-flow wp-block-column-is-layout-flow\" style=\"flex-basis:100%\">\n<div class=\"wp-block-group alignfull is-content-justification-center\" style=\"margin-top:0;margin-bottom:0;padding-top:calc( 0.5 * var(--wp--style--root--padding-right, var(--wp--custom--gap--horizontal)));padding-right:var(--wp--style--root--padding-right, var(--wp--custom--gap--horizontal));padding-bottom:calc( 0.5 * var(--wp--style--root--padding-right, var(--wp--custom--gap--horizontal)));padding-left:var(--wp--style--root--padding-left, var(--wp--custom--gap--horizontal))\"><div class=\"wp-block-group__inner-container is-layout-constrained wp-container-core-group-is-layout-b073b61b wp-block-group-is-layout-constrained\">\n<div style=\"height:calc( 0.25 * var(--wp--style--root--padding-right, var(--wp--custom--gap--horizontal)))\" aria-hidden=\"true\" class=\"wp-block-spacer\"><\/div>\n\n\n\n<div class=\"wp-block-group alignwide\"><div class=\"wp-block-group__inner-container is-layout-constrained wp-block-group-is-layout-constrained\">\n<h2 class=\"wp-block-heading alignfull has-text-align-left has-text-color has-link-color wp-elements-334df7d9a3f70206b7dd37a17822bec4\" style=\"color:#d4a373;font-size:33px;font-style:normal\"><strong>Qu\u00e9 puedes encontrar aqu\u00ed&#8230;<\/strong><\/h2>\n<\/div><\/div>\n\n\n\n<div style=\"height:var(--wp--preset--spacing--20)\" aria-hidden=\"true\" class=\"wp-block-spacer\"><\/div>\n\n\n\n<div class=\"wp-block-columns alignwide is-layout-flex wp-container-core-columns-is-layout-41e3e26a wp-block-columns-is-layout-flex\">\n<div class=\"wp-block-column is-layout-flow wp-block-column-is-layout-flow\">\n<figure class=\"wp-block-image size-large is-resized is-style-rounded\"><a href=\"https:\/\/esthercomin.com\/index.php\/tienda\/\"><img loading=\"lazy\" decoding=\"async\" width=\"1024\" height=\"1024\" src=\"https:\/\/esthercomin.com\/wp-content\/uploads\/2024\/11\/Iconos-libros-ok-1-1024x1024.png\" alt=\"\" class=\"wp-image-491\" style=\"aspect-ratio:1.3333333333333333;object-fit:cover;width:200px;height:auto\" srcset=\"https:\/\/esthercomin.com\/wp-content\/uploads\/2024\/11\/Iconos-libros-ok-1-1024x1024.png 1024w, https:\/\/esthercomin.com\/wp-content\/uploads\/2024\/11\/Iconos-libros-ok-1-300x300.png 300w, https:\/\/esthercomin.com\/wp-content\/uploads\/2024\/11\/Iconos-libros-ok-1-150x150.png 150w, https:\/\/esthercomin.com\/wp-content\/uploads\/2024\/11\/Iconos-libros-ok-1-768x768.png 768w, https:\/\/esthercomin.com\/wp-content\/uploads\/2024\/11\/Iconos-libros-ok-1-600x600.png 600w, https:\/\/esthercomin.com\/wp-content\/uploads\/2024\/11\/Iconos-libros-ok-1-100x100.png 100w, https:\/\/esthercomin.com\/wp-content\/uploads\/2024\/11\/Iconos-libros-ok-1.png 1080w\" sizes=\"auto, (max-width: 1024px) 100vw, 1024px\" \/><\/a><\/figure>\n\n\n\n<div style=\"height:4px\" aria-hidden=\"true\" class=\"wp-block-spacer\"><\/div>\n\n\n\n<div class=\"wp-block-group\"><div class=\"wp-block-group__inner-container is-layout-flow wp-block-group-is-layout-flow\">\n<h3 class=\"wp-block-heading is-service-name has-small-font-size\" style=\"font-style:normal;font-weight:700\">Libros<\/h3>\n<\/div><\/div>\n\n\n\n<p class=\"is-service-description has-black-color has-text-color has-link-color has-small-font-size wp-elements-c838302016cb2692948d16b9c3b45e43\">Novelas y no ficci\u00f3n, mis intereses son de lo m\u00e1s variado, te invito a curiosear&#8230;<\/p>\n<\/div>\n\n\n\n<div class=\"wp-block-column is-layout-flow wp-block-column-is-layout-flow\">\n<figure class=\"wp-block-image size-large is-resized is-style-rounded\"><a href=\"https:\/\/esthercomin.com\/index.php\/cursos-y-talleres\/\"><img loading=\"lazy\" decoding=\"async\" width=\"1024\" height=\"1024\" src=\"https:\/\/esthercomin.com\/wp-content\/uploads\/2024\/11\/Iconos-cursos-ok-1024x1024.png\" alt=\"\" class=\"wp-image-490\" style=\"aspect-ratio:1.3333333333333333;object-fit:cover;width:204px;height:auto\" srcset=\"https:\/\/esthercomin.com\/wp-content\/uploads\/2024\/11\/Iconos-cursos-ok-1024x1024.png 1024w, https:\/\/esthercomin.com\/wp-content\/uploads\/2024\/11\/Iconos-cursos-ok-300x300.png 300w, https:\/\/esthercomin.com\/wp-content\/uploads\/2024\/11\/Iconos-cursos-ok-150x150.png 150w, https:\/\/esthercomin.com\/wp-content\/uploads\/2024\/11\/Iconos-cursos-ok-768x768.png 768w, https:\/\/esthercomin.com\/wp-content\/uploads\/2024\/11\/Iconos-cursos-ok-600x600.png 600w, https:\/\/esthercomin.com\/wp-content\/uploads\/2024\/11\/Iconos-cursos-ok-100x100.png 100w, https:\/\/esthercomin.com\/wp-content\/uploads\/2024\/11\/Iconos-cursos-ok.png 1080w\" sizes=\"auto, (max-width: 1024px) 100vw, 1024px\" \/><\/a><\/figure>\n\n\n\n<div style=\"height:4px\" aria-hidden=\"true\" class=\"wp-block-spacer\"><\/div>\n\n\n\n<div class=\"wp-block-group\"><div class=\"wp-block-group__inner-container is-layout-flow wp-block-group-is-layout-flow\">\n<h3 class=\"wp-block-heading is-service-name has-small-font-size\" style=\"font-style:normal;font-weight:700\">Cursos y talleres<\/h3>\n<\/div><\/div>\n\n\n\n<p class=\"is-service-description has-black-color has-text-color has-link-color has-small-font-size wp-elements-00faf4f65ed3275c42b9137c69a9c28e\">Desde c\u00f3mo aprender a meditar, hasta formaciones de Reiki, \u00bfte apuntas y nos conocemos?&#8230;<\/p>\n<\/div>\n\n\n\n<div class=\"wp-block-column is-layout-flow wp-block-column-is-layout-flow\">\n<figure class=\"wp-block-image size-large is-resized is-style-rounded\"><a href=\"https:\/\/esthercomin.com\/index.php\/mi-blog\/\"><img loading=\"lazy\" decoding=\"async\" width=\"1024\" height=\"1024\" src=\"https:\/\/esthercomin.com\/wp-content\/uploads\/2024\/11\/Iconos-blog-ok-1024x1024.png\" alt=\"\" class=\"wp-image-488\" style=\"aspect-ratio:1.3333333333333333;object-fit:cover;width:202px;height:auto\" srcset=\"https:\/\/esthercomin.com\/wp-content\/uploads\/2024\/11\/Iconos-blog-ok-1024x1024.png 1024w, https:\/\/esthercomin.com\/wp-content\/uploads\/2024\/11\/Iconos-blog-ok-300x300.png 300w, https:\/\/esthercomin.com\/wp-content\/uploads\/2024\/11\/Iconos-blog-ok-150x150.png 150w, https:\/\/esthercomin.com\/wp-content\/uploads\/2024\/11\/Iconos-blog-ok-768x768.png 768w, https:\/\/esthercomin.com\/wp-content\/uploads\/2024\/11\/Iconos-blog-ok-600x600.png 600w, https:\/\/esthercomin.com\/wp-content\/uploads\/2024\/11\/Iconos-blog-ok-100x100.png 100w, https:\/\/esthercomin.com\/wp-content\/uploads\/2024\/11\/Iconos-blog-ok.png 1080w\" sizes=\"auto, (max-width: 1024px) 100vw, 1024px\" \/><\/a><\/figure>\n\n\n\n<div style=\"height:4px\" aria-hidden=\"true\" class=\"wp-block-spacer\"><\/div>\n\n\n\n<div class=\"wp-block-group\"><div class=\"wp-block-group__inner-container is-layout-flow wp-block-group-is-layout-flow\">\n<h3 class=\"wp-block-heading is-service-name has-small-font-size\" style=\"font-style:normal;font-weight:700\">Cr\u00f3nicas de un despertar &#8211; blog<\/h3>\n<\/div><\/div>\n\n\n\n<p class=\"is-service-description has-black-color has-text-color has-link-color has-small-font-size wp-elements-7e36d66ce56a8cbd5a5a9696acc0d2b8\">Sobre darse el lujo de cambiar de vida y las preguntas que nos hacemos todos&#8230;<\/p>\n<\/div>\n<\/div>\n\n\n\n<div style=\"height:calc( 0.25 * var(--wp--style--root--padding-right, var(--wp--custom--gap--horizontal)))\" aria-hidden=\"true\" class=\"wp-block-spacer\"><\/div>\n<\/div><\/div>\n<\/div>\n<\/div>\n\n\n\n<p><\/p>\n\n\n\n<p><\/p>\n\n\n\n<h2 class=\"wp-block-heading has-text-align-left has-text-color has-link-color wp-elements-39b4d11495a3d93efdad24028265f8fa\" style=\"color:#d4a373;font-size:33px\"><strong>Libros de Esther Comin<\/strong><\/h2>\n\n\n<div data-block-name=\"woocommerce\/product-category\" data-cat-operator=\"all\" data-categories=\"[27]\" data-edit-mode=\"false\" data-rows=\"1\" class=\"wc-block-grid wp-block-product-category wp-block-woocommerce-product-category wc-block-product-category has-3-columns\"><ul class=\"wc-block-grid__products\"><li class=\"wc-block-grid__product\">\n\t\t\t\t<a href=\"https:\/\/esthercomin.com\/index.php\/producto\/la-tribu-novela-juvenil-young-adult\/\" class=\"wc-block-grid__product-link\">\n\t\t\t\t\t\n\t\t\t\t\t<div class=\"wc-block-grid__product-image\"><img loading=\"lazy\" decoding=\"async\" width=\"300\" height=\"300\" src=\"https:\/\/esthercomin.com\/wp-content\/uploads\/2024\/05\/Catalogo-libros_tribu-300x300.png\" class=\"attachment-woocommerce_thumbnail size-woocommerce_thumbnail\" alt=\"La Tribu\" srcset=\"https:\/\/esthercomin.com\/wp-content\/uploads\/2024\/05\/Catalogo-libros_tribu-300x300.png 300w, https:\/\/esthercomin.com\/wp-content\/uploads\/2024\/05\/Catalogo-libros_tribu-1024x1024.png 1024w, https:\/\/esthercomin.com\/wp-content\/uploads\/2024\/05\/Catalogo-libros_tribu-150x150.png 150w, https:\/\/esthercomin.com\/wp-content\/uploads\/2024\/05\/Catalogo-libros_tribu-768x768.png 768w, https:\/\/esthercomin.com\/wp-content\/uploads\/2024\/05\/Catalogo-libros_tribu-600x600.png 600w, https:\/\/esthercomin.com\/wp-content\/uploads\/2024\/05\/Catalogo-libros_tribu-100x100.png 100w, https:\/\/esthercomin.com\/wp-content\/uploads\/2024\/05\/Catalogo-libros_tribu.png 1080w\" sizes=\"auto, (max-width: 300px) 100vw, 300px\" \/><\/div>\n\t\t\t\t\t<div class=\"wc-block-grid__product-title\">La Tribu<\/div>\n\t\t\t\t<\/a>\n\t\t\t\t<div class=\"wc-block-grid__product-price price\"><span class=\"woocommerce-Price-amount amount\">17,57&nbsp;<span class=\"woocommerce-Price-currencySymbol\">&euro;<\/span><\/span> <small class=\"woocommerce-price-suffix\">IVA incluido<\/small><\/div>\n\t\t\t\t<div class=\"wc-block-grid__product-rating\"><div class=\"star-rating\" role=\"img\" aria-label=\"Valorado con 5.00 de 5\"><span style=\"width:100%\">Valorado con <strong class=\"rating\">5.00<\/strong> de 5 en base a <span class=\"rating\">1<\/span> valoraci\u00f3n de un cliente<\/span><\/div><\/div>\n\t\t\t\t<div class=\"wp-block-button wc-block-grid__product-add-to-cart\"><a href=\"http:\/\/www.amazon.es\/Tribu-Novela-Juvenil-Young-Adult\/dp\/8409607433\" aria-label=\"Ver en Amazon\" data-quantity=\"1\" data-product_id=\"380\" data-product_sku=\"\" data-price=\"17.57\" rel=\"nofollow\" class=\"wp-block-button__link  add_to_cart_button\">Ver en Amazon<\/a><\/div>\n\t\t\t<\/li><li class=\"wc-block-grid__product\">\n\t\t\t\t<a href=\"https:\/\/esthercomin.com\/index.php\/producto\/liderazgo-esthercomin\/\" class=\"wc-block-grid__product-link\">\n\t\t\t\t\t\n\t\t\t\t\t<div class=\"wc-block-grid__product-image\"><img loading=\"lazy\" decoding=\"async\" width=\"300\" height=\"300\" src=\"https:\/\/esthercomin.com\/wp-content\/uploads\/2024\/05\/Catalogo-libros_liderazgo-300x300.png\" class=\"attachment-woocommerce_thumbnail size-woocommerce_thumbnail\" alt=\"Liderazgo con alma\" srcset=\"https:\/\/esthercomin.com\/wp-content\/uploads\/2024\/05\/Catalogo-libros_liderazgo-300x300.png 300w, https:\/\/esthercomin.com\/wp-content\/uploads\/2024\/05\/Catalogo-libros_liderazgo-1024x1024.png 1024w, https:\/\/esthercomin.com\/wp-content\/uploads\/2024\/05\/Catalogo-libros_liderazgo-150x150.png 150w, https:\/\/esthercomin.com\/wp-content\/uploads\/2024\/05\/Catalogo-libros_liderazgo-768x768.png 768w, https:\/\/esthercomin.com\/wp-content\/uploads\/2024\/05\/Catalogo-libros_liderazgo-600x600.png 600w, https:\/\/esthercomin.com\/wp-content\/uploads\/2024\/05\/Catalogo-libros_liderazgo-100x100.png 100w, https:\/\/esthercomin.com\/wp-content\/uploads\/2024\/05\/Catalogo-libros_liderazgo.png 1080w\" sizes=\"auto, (max-width: 300px) 100vw, 300px\" \/><\/div>\n\t\t\t\t\t<div class=\"wc-block-grid__product-title\">Liderazgo con alma<\/div>\n\t\t\t\t<\/a>\n\t\t\t\t<div class=\"wc-block-grid__product-price price\"><span class=\"woocommerce-Price-amount amount\">14,95&nbsp;<span class=\"woocommerce-Price-currencySymbol\">&euro;<\/span><\/span> <small class=\"woocommerce-price-suffix\">IVA incluido<\/small><\/div>\n\t\t\t\t<div class=\"wc-block-grid__product-rating\"><div class=\"star-rating\" role=\"img\" aria-label=\"Valorado con 5.00 de 5\"><span style=\"width:100%\">Valorado con <strong class=\"rating\">5.00<\/strong> de 5 en base a <span class=\"rating\">1<\/span> valoraci\u00f3n de un cliente<\/span><\/div><\/div>\n\t\t\t\t<div class=\"wp-block-button wc-block-grid__product-add-to-cart\"><a href=\"\/index.php\/wp-json\/wp\/v2\/pages\/65?add-to-cart=38\" aria-label=\"A\u00f1adir al carrito: &ldquo;Liderazgo con alma&rdquo;\" data-quantity=\"1\" data-product_id=\"38\" data-product_sku=\"\" data-price=\"14.95\" rel=\"nofollow\" class=\"wp-block-button__link  add_to_cart_button ajax_add_to_cart\">A\u00f1adir al carrito<\/a><\/div>\n\t\t\t<\/li><li class=\"wc-block-grid__product\">\n\t\t\t\t<a href=\"https:\/\/esthercomin.com\/index.php\/producto\/guardianacrom-libro\/\" class=\"wc-block-grid__product-link\">\n\t\t\t\t\t\n\t\t\t\t\t<div class=\"wc-block-grid__product-image\"><img loading=\"lazy\" decoding=\"async\" width=\"300\" height=\"300\" src=\"https:\/\/esthercomin.com\/wp-content\/uploads\/2024\/05\/Catalogo-libros_guardiana-300x300.png\" class=\"attachment-woocommerce_thumbnail size-woocommerce_thumbnail\" alt=\"La Guardiana del Crom\" srcset=\"https:\/\/esthercomin.com\/wp-content\/uploads\/2024\/05\/Catalogo-libros_guardiana-300x300.png 300w, https:\/\/esthercomin.com\/wp-content\/uploads\/2024\/05\/Catalogo-libros_guardiana-1024x1024.png 1024w, https:\/\/esthercomin.com\/wp-content\/uploads\/2024\/05\/Catalogo-libros_guardiana-150x150.png 150w, https:\/\/esthercomin.com\/wp-content\/uploads\/2024\/05\/Catalogo-libros_guardiana-768x768.png 768w, https:\/\/esthercomin.com\/wp-content\/uploads\/2024\/05\/Catalogo-libros_guardiana-600x600.png 600w, https:\/\/esthercomin.com\/wp-content\/uploads\/2024\/05\/Catalogo-libros_guardiana-100x100.png 100w, https:\/\/esthercomin.com\/wp-content\/uploads\/2024\/05\/Catalogo-libros_guardiana.png 1080w\" sizes=\"auto, (max-width: 300px) 100vw, 300px\" \/><\/div>\n\t\t\t\t\t<div class=\"wc-block-grid__product-title\">La Guardiana del Crom<\/div>\n\t\t\t\t<\/a>\n\t\t\t\t<div class=\"wc-block-grid__product-price price\"><span class=\"woocommerce-Price-amount amount\">19,95&nbsp;<span class=\"woocommerce-Price-currencySymbol\">&euro;<\/span><\/span> <small class=\"woocommerce-price-suffix\">IVA incluido<\/small><\/div>\n\t\t\t\t<div class=\"wc-block-grid__product-rating\"><div class=\"star-rating\" role=\"img\" aria-label=\"Valorado con 4.83 de 5\"><span style=\"width:96.6%\">Valorado con <strong class=\"rating\">4.83<\/strong> de 5 en base a <span class=\"rating\">6<\/span> valoraciones de clientes<\/span><\/div><\/div>\n\t\t\t\t<div class=\"wp-block-button wc-block-grid__product-add-to-cart\"><a href=\"\/index.php\/wp-json\/wp\/v2\/pages\/65?add-to-cart=34\" aria-label=\"A\u00f1adir al carrito: &ldquo;La Guardiana del Crom&rdquo;\" data-quantity=\"1\" data-product_id=\"34\" data-product_sku=\"\" data-price=\"19.95\" rel=\"nofollow\" class=\"wp-block-button__link  add_to_cart_button ajax_add_to_cart\">A\u00f1adir al carrito<\/a><\/div>\n\t\t\t<\/li><\/ul><\/div>","protected":false},"excerpt":{"rendered":"<p>Soy Esther Comin, autora y creadora de relatos que exploran los caminos del crecimiento personal a trav\u00e9s de la literatura. En este espacio comparto mis libros, art\u00edculos y cursos. Es mi caj\u00f3n de sastre particular y lo lleno con las cosas que me interesan. A estas alturas de mi vida, escribo libros todo el rato. Historias como La Guardiana del Crom (2022), que me encantar\u00eda ver plasmada en la gran&hellip;<\/p>\n","protected":false},"author":1,"featured_media":0,"parent":0,"menu_order":0,"comment_status":"closed","ping_status":"closed","template":"","meta":{"footnotes":""},"class_list":["post-65","page","type-page","status-publish","hentry"],"blog_post_layout_featured_media_urls":{"thumbnail":"","full":""},"categories_names":null,"comments_number":"0","jetpack_sharing_enabled":true,"_links":{"self":[{"href":"https:\/\/esthercomin.com\/index.php\/wp-json\/wp\/v2\/pages\/65","targetHints":{"allow":["GET"]}}],"collection":[{"href":"https:\/\/esthercomin.com\/index.php\/wp-json\/wp\/v2\/pages"}],"about":[{"href":"https:\/\/esthercomin.com\/index.php\/wp-json\/wp\/v2\/types\/page"}],"author":[{"embeddable":true,"href":"https:\/\/esthercomin.com\/index.php\/wp-json\/wp\/v2\/users\/1"}],"replies":[{"embeddable":true,"href":"https:\/\/esthercomin.com\/index.php\/wp-json\/wp\/v2\/comments?post=65"}],"version-history":[{"count":72,"href":"https:\/\/esthercomin.com\/index.php\/wp-json\/wp\/v2\/pages\/65\/revisions"}],"predecessor-version":[{"id":686,"href":"https:\/\/esthercomin.com\/index.php\/wp-json\/wp\/v2\/pages\/65\/revisions\/686"}],"wp:attachment":[{"href":"https:\/\/esthercomin.com\/index.php\/wp-json\/wp\/v2\/media?parent=65"}],"curies":[{"name":"wp","href":"https:\/\/api.w.org\/{rel}","templated":true}]}}