{"id":34,"date":"2023-03-19T14:53:25","date_gmt":"2023-03-19T13:53:25","guid":{"rendered":"https:\/\/esthercomin.com\/index.php\/producto\/hoodie-with-logo-3\/"},"modified":"2026-03-24T20:24:37","modified_gmt":"2026-03-24T19:24:37","slug":"guardianacrom-libro","status":"publish","type":"product","link":"https:\/\/esthercomin.com\/index.php\/producto\/guardianacrom-libro\/","title":{"rendered":"La Guardiana del Crom"},"content":{"rendered":"<h2>Sinopsis de La Guardiana del Crom<\/h2>\n<p><strong>Druidas y magia, amor y amistad, en una historia conmovedora que te sumergir\u00e1 en el misterio olvidado de las piedras de Stonehenge.<\/strong><\/p>\n<p>Cuando Dana es designada como aprendiz del poderoso Sandh\u00fa, solo piensa en mejorar su posici\u00f3n en la aldea para unir su vida a la de Arul y librarse del acoso de sus hermanas. Sin embargo, los dioses han estado esperando por ella durante largo tiempo, aunque lo ignore.<\/p>\n<p>Nacida con dos destinos irrevocables, la magia y el amor, Dana deber\u00e1 enfrentar una elecci\u00f3n imposible. Y, en el camino, acceder a una nueva comprensi\u00f3n de s\u00ed misma y del inmenso poder que late en sus manos.<\/p>\n<h2>Por qu\u00e9 este libro<\/h2>\n<p>Porque todav\u00eda recuerdo la primera vez que vi una foto de Stonehenge en una enciclopedia y pensar: \u00abTengo que volver\u00bb. Tendr\u00eda unos 8 a\u00f1os y jam\u00e1s hab\u00eda salido de mi pa\u00eds.<\/p>\n<p>Porque pasaron m\u00e1s de 40 a\u00f1os hasta que por fin pude visitar el lugar&#8230; Y, s\u00ed, sent\u00ed que hab\u00eda regresado a casa.<\/p>\n<p>Para m\u00ed, es uno de esos libros que se pueden leer por capas. \u00bfQuieres una historia? Ah\u00ed est\u00e1. \u00bfQuieres que te haga pensar? Bucea, ah\u00ed est\u00e1. \u00bfTe encantar\u00eda ser druida, a ti tambi\u00e9n? Desc\u00e1rgate el manual del Camino del Druida, ah\u00ed tienes algunas pistas para que te inicies.<\/p>\n<p>Para m\u00ed la magia es algo cotidiano: est\u00e1 en cada peque\u00f1a cosa, en cada persona que me encuentro, en cada intuici\u00f3n. Y me encantar\u00eda saber que tambi\u00e9n, con este libro, se ha despertado para ti.<\/p>\n","protected":false},"excerpt":{"rendered":"<p>Literatura de fantas\u00eda, 520 p\u00e1ginas en espa\u00f1ol (novela). Env\u00edo gratis a Espa\u00f1a, lo recibes en 1-2 semanas.<\/p>\n<p>A menos que me indiques lo contrario, la dedicatoria va a nombre del comprador. Si la quieres para alguien m\u00e1s, escr\u00edbeme a: hola@esthercomin.com<\/p>\n","protected":false},"featured_media":468,"comment_status":"open","ping_status":"closed","template":"","meta":[],"product_brand":[],"product_cat":[27],"product_tag":[22,25,24,23],"class_list":{"0":"post-34","1":"product","2":"type-product","3":"status-publish","4":"has-post-thumbnail","6":"product_cat-libros","7":"product_tag-druidas","8":"product_tag-espiritualidad","9":"product_tag-fantasia","10":"product_tag-novela","12":"first","13":"instock","14":"featured","15":"taxable","16":"shipping-taxable","17":"purchasable","18":"product-type-simple"},"blog_post_layout_featured_media_urls":{"thumbnail":["https:\/\/esthercomin.com\/wp-content\/uploads\/2024\/05\/Catalogo-libros_guardiana-150x150.png",150,150,true],"full":["https:\/\/esthercomin.com\/wp-content\/uploads\/2024\/05\/Catalogo-libros_guardiana.png",1080,1080,false]},"categories":null,"categories_names":null,"comments_number":"11","jetpack_sharing_enabled":true,"_links":{"self":[{"href":"https:\/\/esthercomin.com\/index.php\/wp-json\/wp\/v2\/product\/34","targetHints":{"allow":["GET"]}}],"collection":[{"href":"https:\/\/esthercomin.com\/index.php\/wp-json\/wp\/v2\/product"}],"about":[{"href":"https:\/\/esthercomin.com\/index.php\/wp-json\/wp\/v2\/types\/product"}],"replies":[{"embeddable":true,"href":"https:\/\/esthercomin.com\/index.php\/wp-json\/wp\/v2\/comments?post=34"}],"wp:featuredmedia":[{"embeddable":true,"href":"https:\/\/esthercomin.com\/index.php\/wp-json\/wp\/v2\/media\/468"}],"wp:attachment":[{"href":"https:\/\/esthercomin.com\/index.php\/wp-json\/wp\/v2\/media?parent=34"}],"wp:term":[{"taxonomy":"product_brand","embeddable":true,"href":"https:\/\/esthercomin.com\/index.php\/wp-json\/wp\/v2\/product_brand?post=34"},{"taxonomy":"product_cat","embeddable":true,"href":"https:\/\/esthercomin.com\/index.php\/wp-json\/wp\/v2\/product_cat?post=34"},{"taxonomy":"product_tag","embeddable":true,"href":"https:\/\/esthercomin.com\/index.php\/wp-json\/wp\/v2\/product_tag?post=34"}],"curies":[{"name":"wp","href":"https:\/\/api.w.org\/{rel}","templated":true}]}}