{"id":350,"date":"2023-05-18T13:11:32","date_gmt":"2023-05-18T12:11:32","guid":{"rendered":"https:\/\/esthercomin.com\/?post_type=product&#038;p=350"},"modified":"2026-02-05T16:17:58","modified_gmt":"2026-02-05T15:17:58","slug":"la-guardiana-del-crom-ebook","status":"publish","type":"product","link":"https:\/\/esthercomin.com\/index.php\/producto\/la-guardiana-del-crom-ebook\/","title":{"rendered":"La Guardiana del Crom, eBook"},"content":{"rendered":"<h2>Sinopsis de La Guardiana del Crom<\/h2>\n<p><strong>Druidas y magia, amor y amistad, en una historia conmovedora que te sumergir\u00e1 en el misterio olvidado de las piedras de Stonehenge.<\/strong><\/p>\n<p>Cuando Dana es designada como aprendiz del poderoso Sandh\u00fa, solo piensa en mejorar su posici\u00f3n en la aldea para unir su vida a la de Arul y librarse del acoso de sus hermanas. Sin embargo, los dioses han estado esperando por ella durante largo tiempo, aunque lo ignore.<\/p>\n<p>Nacida con dos destinos irrevocables, la magia y el amor, Dana deber\u00e1 enfrentar una elecci\u00f3n imposible. Y, en el camino, acceder a una nueva comprensi\u00f3n de s\u00ed misma y del inmenso poder que late en sus manos.<\/p>\n<h2>Por qu\u00e9 este libro<\/h2>\n<p>Porque todav\u00eda recuerdo la primera vez que vi una foto de Stonehenge en una enciclopedia y pensar: \u00abTengo que volver\u00bb. Tendr\u00eda unos 8 a\u00f1os y jam\u00e1s hab\u00eda salido de mi pa\u00eds.<\/p>\n<p>Porque pasaron m\u00e1s de 40 a\u00f1os hasta que por fin pude visitar el lugar\u2026 Y, s\u00ed, sent\u00ed que hab\u00eda regresado a casa.<\/p>\n<p>Para m\u00ed, es uno de esos libros que se pueden leer por capas. \u00bfQuieres una historia? Ah\u00ed est\u00e1. \u00bfQuieres que te haga pensar? Bucea, ah\u00ed est\u00e1. \u00bfTe encantar\u00eda ser druida, a ti tambi\u00e9n? Desc\u00e1rgate el manual del Camino del Druida, ah\u00ed tienes algunas pistas para que te inicies.<\/p>\n<p>Para m\u00ed la magia es algo cotidiano: est\u00e1 en cada peque\u00f1a cosa, en cada persona que me encuentro, en cada intuici\u00f3n. Y me encantar\u00eda saber que tambi\u00e9n, con este libro, se ha despertado para ti.<\/p>\n","protected":false},"excerpt":{"rendered":"<p>Literatura de fantas\u00eda en su versi\u00f3n digital. Novela en espa\u00f1ol (520 p\u00e1ginas).<\/p>\n<p>Ll\u00e9vate tu novela de druidas favorita de paseo, insertada en tu biblioteca de lecturas digitales. Aunque no pueda dedicarte esta versi\u00f3n en persona&#8230; sabes que es para ti.<\/p>\n","protected":false},"featured_media":471,"comment_status":"open","ping_status":"closed","template":"","meta":[],"product_brand":[],"product_cat":[39],"product_tag":[22,42,43,44,31],"class_list":{"0":"post-350","1":"product","2":"type-product","3":"status-publish","4":"has-post-thumbnail","6":"product_cat-descargable","7":"product_tag-druidas","8":"product_tag-ebook","9":"product_tag-libro-digital","10":"product_tag-novela-fantasia","11":"product_tag-stonehenge","13":"first","14":"instock","15":"downloadable","16":"taxable","17":"shipping-taxable","18":"purchasable","19":"product-type-simple"},"blog_post_layout_featured_media_urls":{"thumbnail":["https:\/\/esthercomin.com\/wp-content\/uploads\/2023\/05\/Catalogo-libros_guardianaEBOOK-150x150.png",150,150,true],"full":["https:\/\/esthercomin.com\/wp-content\/uploads\/2023\/05\/Catalogo-libros_guardianaEBOOK.png",1080,1080,false]},"categories":null,"categories_names":null,"comments_number":"2","jetpack_sharing_enabled":true,"_links":{"self":[{"href":"https:\/\/esthercomin.com\/index.php\/wp-json\/wp\/v2\/product\/350","targetHints":{"allow":["GET"]}}],"collection":[{"href":"https:\/\/esthercomin.com\/index.php\/wp-json\/wp\/v2\/product"}],"about":[{"href":"https:\/\/esthercomin.com\/index.php\/wp-json\/wp\/v2\/types\/product"}],"replies":[{"embeddable":true,"href":"https:\/\/esthercomin.com\/index.php\/wp-json\/wp\/v2\/comments?post=350"}],"wp:featuredmedia":[{"embeddable":true,"href":"https:\/\/esthercomin.com\/index.php\/wp-json\/wp\/v2\/media\/471"}],"wp:attachment":[{"href":"https:\/\/esthercomin.com\/index.php\/wp-json\/wp\/v2\/media?parent=350"}],"wp:term":[{"taxonomy":"product_brand","embeddable":true,"href":"https:\/\/esthercomin.com\/index.php\/wp-json\/wp\/v2\/product_brand?post=350"},{"taxonomy":"product_cat","embeddable":true,"href":"https:\/\/esthercomin.com\/index.php\/wp-json\/wp\/v2\/product_cat?post=350"},{"taxonomy":"product_tag","embeddable":true,"href":"https:\/\/esthercomin.com\/index.php\/wp-json\/wp\/v2\/product_tag?post=350"}],"curies":[{"name":"wp","href":"https:\/\/api.w.org\/{rel}","templated":true}]}}