{"id":38,"date":"2023-03-19T16:11:16","date_gmt":"2023-03-19T15:11:16","guid":{"rendered":"https:\/\/esthercomin.com\/?post_type=product&#038;p=38"},"modified":"2026-03-29T10:11:07","modified_gmt":"2026-03-29T09:11:07","slug":"liderazgo-esthercomin","status":"publish","type":"product","link":"https:\/\/esthercomin.com\/index.php\/producto\/liderazgo-esthercomin\/","title":{"rendered":"Liderazgo con alma"},"content":{"rendered":"<h2>Sinopsis de Liderazgo con alma<\/h2>\n<p><em><strong>Liderazgo con Alma<\/strong><\/em> no es un manual sobre liderazgo, aunque contenga ideas y herramientas para ayudar al lector. Orientado a quienes empiezan a liderar personas o a aquellos que han podido perder el rumbo moment\u00e1neamente, se trata de un relato personal, un destilado que nace de observar, practicar o descartar actitudes y comportamientos que surgen en la cotidianidad de la conducci\u00f3n de equipos.<\/p>\n<p>Parto de mi propio camino, estructurado en pensamientos y propuestas concretos, con la \u00fanica intenci\u00f3n de ofrecerte un punto de reflexi\u00f3n, de autoconocimiento y de conciencia sobre el impacto que cada una de tus acciones tiene sobre tus colaboradores y sus resultados.<\/p>\n<h2>Por qu\u00e9 este libro<\/h2>\n<p>Supongo que porque intent\u00e9 con todas mis fuerzas ser una directiva est\u00e1ndar&#8230; y no funcion\u00f3 en absoluto. He tenido suerte en mi vida profesional, he tropezado con algunos de los seres m\u00e1s incre\u00edbles que te puedas imaginar: dignos, rectos, inspiradores. Lo que pasa es que tambi\u00e9n me he encontrado con aut\u00e9nticos cavern\u00edcolas del mando \u00abtradicional\u00bb, y eso me llev\u00f3 a hacerme algunas preguntas, a buscar respuestas.<\/p>\n<p>Al final, lo que siempre me impulsaba no era ser mejor, \u00bfsabes? Sino pon\u00e9rselo m\u00e1s f\u00e1cil a los que trabajaban conmigo, para que no tuvieran que andar a ciegas todo el trayecto. Ellos, mis colaboradores, mis personas, mis amigos&#8230; siempre fueron mejores que nadie. Yo me limit\u00e9 a describir todo lo que aprend\u00ed con ellos para compartirlo contigo.<\/p>\n","protected":false},"excerpt":{"rendered":"<p>Libro de autoliderazgo, 148 p\u00e1ginas en espa\u00f1ol. Env\u00edo gratis a Espa\u00f1a, lo recibes en 1-2 semanas.<\/p>\n<p>A menos que me indiques lo contrario, la dedicatoria va a nombre del comprador. Si la quieres para alguien m\u00e1s, escr\u00edbeme a: hola@esthercomin.com<\/p>\n","protected":false},"featured_media":469,"comment_status":"open","ping_status":"closed","template":"","meta":[],"product_brand":[],"product_cat":[27],"product_tag":[21,32,20],"class_list":{"0":"post-38","1":"product","2":"type-product","3":"status-publish","4":"has-post-thumbnail","6":"product_cat-libros","7":"product_tag-autoayuda","8":"product_tag-autoliderazgo","9":"product_tag-liderazgo","11":"first","12":"instock","13":"taxable","14":"shipping-taxable","15":"purchasable","16":"product-type-simple"},"blog_post_layout_featured_media_urls":{"thumbnail":["https:\/\/esthercomin.com\/wp-content\/uploads\/2024\/05\/Catalogo-libros_liderazgo-150x150.png",150,150,true],"full":["https:\/\/esthercomin.com\/wp-content\/uploads\/2024\/05\/Catalogo-libros_liderazgo.png",1080,1080,false]},"categories":null,"categories_names":null,"comments_number":"2","jetpack_sharing_enabled":true,"_links":{"self":[{"href":"https:\/\/esthercomin.com\/index.php\/wp-json\/wp\/v2\/product\/38","targetHints":{"allow":["GET"]}}],"collection":[{"href":"https:\/\/esthercomin.com\/index.php\/wp-json\/wp\/v2\/product"}],"about":[{"href":"https:\/\/esthercomin.com\/index.php\/wp-json\/wp\/v2\/types\/product"}],"replies":[{"embeddable":true,"href":"https:\/\/esthercomin.com\/index.php\/wp-json\/wp\/v2\/comments?post=38"}],"wp:featuredmedia":[{"embeddable":true,"href":"https:\/\/esthercomin.com\/index.php\/wp-json\/wp\/v2\/media\/469"}],"wp:attachment":[{"href":"https:\/\/esthercomin.com\/index.php\/wp-json\/wp\/v2\/media?parent=38"}],"wp:term":[{"taxonomy":"product_brand","embeddable":true,"href":"https:\/\/esthercomin.com\/index.php\/wp-json\/wp\/v2\/product_brand?post=38"},{"taxonomy":"product_cat","embeddable":true,"href":"https:\/\/esthercomin.com\/index.php\/wp-json\/wp\/v2\/product_cat?post=38"},{"taxonomy":"product_tag","embeddable":true,"href":"https:\/\/esthercomin.com\/index.php\/wp-json\/wp\/v2\/product_tag?post=38"}],"curies":[{"name":"wp","href":"https:\/\/api.w.org\/{rel}","templated":true}]}}