{"id":62,"date":"2023-03-19T17:59:43","date_gmt":"2023-03-19T16:59:43","guid":{"rendered":"https:\/\/esthercomin.com\/?post_type=product&#038;p=62"},"modified":"2025-07-24T16:03:01","modified_gmt":"2025-07-24T15:03:01","slug":"pack-doble","status":"publish","type":"product","link":"https:\/\/esthercomin.com\/index.php\/producto\/pack-doble\/","title":{"rendered":"Pack 2: Guardiana + Liderazgo"},"content":{"rendered":"<h2>Ocio y negocio<\/h2>\n<p>Ll\u00e9vate los dos libros, ambos dedicados: Liderazgo con alma, para darle una vuelta m\u00e1s a tu capacidad de dirigir personas desde lo humano; La Guardiana del Crom, para dar rienda suelta a tu lado imaginativo y sacudirte el polvo de las alas.<\/p>\n<p>2 libros, 2 dedicatorias, 2 marcap\u00e1ginas.<\/p>\n<p>&nbsp;<\/p>\n","protected":false},"excerpt":{"rendered":"<p>Literatura de fantas\u00eda, 520 p\u00e1ginas en espa\u00f1ol (novela) + Libro de autoliderazgo, 148 p\u00e1ginas en espa\u00f1ol. Env\u00edo gratis a Espa\u00f1a, los recibes en 1-2 semanas.<\/p>\n<p>A menos que me indiques lo contrario, las dedicatorias van a nombre del comprador. Si las quieres para alguien m\u00e1s, escr\u00edbeme a: hola@esthercomin.com<\/p>\n","protected":false},"featured_media":164,"comment_status":"open","ping_status":"closed","template":"","meta":[],"product_brand":[],"product_cat":[28],"product_tag":[21,32,22,30,31],"class_list":{"0":"post-62","1":"product","2":"type-product","3":"status-publish","4":"has-post-thumbnail","6":"product_cat-pack","7":"product_tag-autoayuda","8":"product_tag-autoliderazgo","9":"product_tag-druidas","10":"product_tag-libro-fantasia","11":"product_tag-stonehenge","13":"first","14":"instock","15":"sale","16":"taxable","17":"shipping-taxable","18":"purchasable","19":"product-type-simple"},"blog_post_layout_featured_media_urls":{"thumbnail":["https:\/\/esthercomin.com\/wp-content\/uploads\/2023\/03\/Pack-doble-1-150x150.png",150,150,true],"full":["https:\/\/esthercomin.com\/wp-content\/uploads\/2023\/03\/Pack-doble-1.png",288,288,false]},"categories":null,"categories_names":null,"comments_number":"0","jetpack_sharing_enabled":true,"_links":{"self":[{"href":"https:\/\/esthercomin.com\/index.php\/wp-json\/wp\/v2\/product\/62","targetHints":{"allow":["GET"]}}],"collection":[{"href":"https:\/\/esthercomin.com\/index.php\/wp-json\/wp\/v2\/product"}],"about":[{"href":"https:\/\/esthercomin.com\/index.php\/wp-json\/wp\/v2\/types\/product"}],"replies":[{"embeddable":true,"href":"https:\/\/esthercomin.com\/index.php\/wp-json\/wp\/v2\/comments?post=62"}],"wp:featuredmedia":[{"embeddable":true,"href":"https:\/\/esthercomin.com\/index.php\/wp-json\/wp\/v2\/media\/164"}],"wp:attachment":[{"href":"https:\/\/esthercomin.com\/index.php\/wp-json\/wp\/v2\/media?parent=62"}],"wp:term":[{"taxonomy":"product_brand","embeddable":true,"href":"https:\/\/esthercomin.com\/index.php\/wp-json\/wp\/v2\/product_brand?post=62"},{"taxonomy":"product_cat","embeddable":true,"href":"https:\/\/esthercomin.com\/index.php\/wp-json\/wp\/v2\/product_cat?post=62"},{"taxonomy":"product_tag","embeddable":true,"href":"https:\/\/esthercomin.com\/index.php\/wp-json\/wp\/v2\/product_tag?post=62"}],"curies":[{"name":"wp","href":"https:\/\/api.w.org\/{rel}","templated":true}]}}